{"id":908,"date":"2015-12-02T11:48:27","date_gmt":"2015-12-02T10:48:27","guid":{"rendered":"http:\/\/invizin.it\/it\/privacy-policy"},"modified":"2015-12-02T11:51:37","modified_gmt":"2015-12-02T10:51:37","slug":"privacy-policy","status":"publish","type":"page","link":"https:\/\/invizin.it\/it\/privacy-policy\/","title":{"rendered":"privacy policy"},"content":{"rendered":"<div class=\"wpb-content-wrapper\"><p>[vc_row][vc_column css=&#8221;.vc_custom_1449053473290{margin-top: 20px !important;}&#8221;][vc_column_text]<\/p>\n<section id=\"sp-component-area-wrapper\" class=\" \">\n<div id=\"component-area\" class=\"row-fluid\">\n<div id=\"sp-component-area\" class=\"span12\">\n<section id=\"sp-component-wrapper\">\n<div id=\"sp-component\">\n<article class=\"item-page post-71 post hentry status-publish category-cookie-policy-templates \">\n<section class=\"entry-content\">\n<div class=\"well well-large\">\n<h2>Cookies<\/h2>\n<p>Per far funzionare bene questo sito, a volte installiamo sul tuo dispositivo dei piccoli file di dati che si chiamano &#8220;cookies&#8221;. Anche la maggior parte dei grandi siti fanno lo stesso.<\/p>\n<h3>Cosa sono i cookies?<\/h3>\n<p>Un cookie \u00e8 un piccolo file di testo che i siti salvano sul tuo computer o dispositivo mobile mentre li visiti. Grazie ai cookies il sito ricorda le tue azioni e preferenze (per es. login, lingua, dimensioni dei caratteri e altre impostazioni di visualizzazione) in modo che tu non debba reinserirle quando torni sul sito o navighi da una pagina all&#8217;altra.<\/p>\n<h3>Come utilizziamo i cookies?<\/h3>\n<div class=\"alert\">\n<p>In alcune pagine utilizziamo i cookies per ricordare:<\/p>\n<div class=\"alert alert-info\">\n<ul>\n<li>se hai autorizzato l&#8217;uso dei cookies sul sito.<\/li>\n<\/ul>\n<p>Non \u00e8 necessario abilitare i cookies perch\u00e9 il sito funzioni, ma farlo migliora la navigazione. \u00c8 possibile cancellare o bloccare i cookies, per\u00f2 in questo caso alcune funzioni del sito potrebbero non funzionare correttamente.<\/p>\n<p>Le informazioni riguardanti i cookies non sono utilizzate per identificare gli utenti e i dati di navigazione restano sempre sotto il nostro controllo. Questi cookies servono esclusivamente per i fini qui descritti.<\/p>\n<\/div>\n<\/div>\n<h3>Come controllare i cookies?<\/h3>\n<p>Puoi controllare e\/o verificare i cookies come vuoi \u2013 per saperne di pi\u00f9, vai su <a href=\"http:\/\/www.aboutcookies.org\/\">aboutcookies.org<\/a>. Puoi cancellare i cookies gi\u00e0 presenti nel computer e impostare quasi tutti i browser in modo da bloccarne l&#8217;installazione. Se scegli questa opzione, dovrai per\u00f2 modificare manualmente alcune preferenze ogni volta che visiti il sito ed \u00e8 possibile che alcuni servizi o determinate funzioni non siano disponibili.<\/p>\n<\/div>\n<\/section>\n<\/article>\n<\/div>\n<\/section>\n<\/div>\n<\/div>\n<\/section>\n<p><strong>Privacy Statement:\u00a0 How we use Cookies<\/strong><\/p>\n<p>Cookies are very small text files that are stored on your computer when you visit some websites.<\/p>\n<p>Cookies help identify your computer to tailor the user experience, track shopping basket contents and remember any order process.<\/p>\n<p>You can disable any cookies already stored on your computer, but these may stop our website from functioning properly.<\/p>\n<p>&nbsp;<\/p>\n<p><strong>Targeting Cookies<\/strong><\/p>\n<p>This Website Will:<\/p>\n<ul>\n<li>Allow you to share pages with social networks such as Facebook (If available)<\/li>\n<\/ul>\n<p><strong>This website will not<\/strong><\/p>\n<ul>\n<li>Share any personal information with third parties.<\/li>\n<\/ul>\n<p>[\/vc_column_text][\/vc_column][\/vc_row]<\/p>\n<\/div>","protected":false},"excerpt":{"rendered":"<p>[vc_row][vc_column css=&#8221;.vc_custom_1449053473290{margin-top: 20px !important;}&#8221;][vc_column_text] Cookies Per far funzionare bene questo sito, a volte installiamo sul tuo dispositivo dei piccoli file di dati che si chiamano &#8220;cookies&#8221;.<span class=\"excerpt-hellip\"> [\u2026]<\/span><\/p>\n","protected":false},"author":1,"featured_media":0,"parent":0,"menu_order":0,"comment_status":"closed","ping_status":"closed","template":"","meta":{"footnotes":""},"class_list":["post-908","page","type-page","status-publish","hentry"],"_links":{"self":[{"href":"https:\/\/invizin.it\/it\/wp-json\/wp\/v2\/pages\/908","targetHints":{"allow":["GET"]}}],"collection":[{"href":"https:\/\/invizin.it\/it\/wp-json\/wp\/v2\/pages"}],"about":[{"href":"https:\/\/invizin.it\/it\/wp-json\/wp\/v2\/types\/page"}],"author":[{"embeddable":true,"href":"https:\/\/invizin.it\/it\/wp-json\/wp\/v2\/users\/1"}],"replies":[{"embeddable":true,"href":"https:\/\/invizin.it\/it\/wp-json\/wp\/v2\/comments?post=908"}],"version-history":[{"count":3,"href":"https:\/\/invizin.it\/it\/wp-json\/wp\/v2\/pages\/908\/revisions"}],"predecessor-version":[{"id":912,"href":"https:\/\/invizin.it\/it\/wp-json\/wp\/v2\/pages\/908\/revisions\/912"}],"wp:attachment":[{"href":"https:\/\/invizin.it\/it\/wp-json\/wp\/v2\/media?parent=908"}],"curies":[{"name":"wp","href":"https:\/\/api.w.org\/{rel}","templated":true}]}}