{"id":1237,"date":"2015-11-08T17:10:12","date_gmt":"2015-11-08T16:10:12","guid":{"rendered":"http:\/\/invizin.it\/it\/residencies\/"},"modified":"2026-02-14T10:44:28","modified_gmt":"2026-02-14T09:44:28","slug":"residenza","status":"publish","type":"page","link":"https:\/\/invizin.it\/it\/residenza\/","title":{"rendered":"programma di residenza"},"content":{"rendered":"<div class=\"wpb-content-wrapper\"><p>[vc_row css=&#8221;.vc_custom_1445618274144{padding-top: 50px !important;padding-bottom: 50px !important;background-color: #f2f2f2 !important;background-position: center !important;background-repeat: no-repeat !important;background-size: cover !important;}&#8221;][vc_column css=&#8221;.vc_custom_1445618072929{background-position: center !important;background-repeat: no-repeat !important;background-size: cover !important;}&#8221;][vc_custom_heading text=&#8221;programma pilota di residenza&#8221; font_container=&#8221;tag:h2|text_align:center&#8221; use_theme_fonts=&#8221;yes&#8221;][vc_column_text]<\/p>\n<h4 style=\"text-align: center;\"><\/h4>\n<h4 style=\"text-align: center;\"><strong>Dov&#8217;\u00e8 qui?<\/strong><\/h4>\n<h4 style=\"text-align: center;\"><strong>\u00a018 giugno &#8211;\u00a0 4 luglio, 2016<\/strong><\/h4>\n<p><em>\u201cQui\u201d \u00e8 diverso da \u201cl\u00ec\u201d? \u201cQui\u201d \u00e8 un posto reale, immaginato o ricordato? \u00c8 un luogo che esiste solo quando ci troviamo al suo interno? E se ce ne andassimo di qui, dove andremmo?<\/em><\/p>\n<p>Gli artisti canadesi <a href=\"http:\/\/mynameisscot.blogspot.it\/\" target=\"_blank\" rel=\"noopener\">My Name is Scot<\/a> e <a href=\"http:\/\/leannej.ca\" target=\"_blank\" rel=\"noopener\">Leannej<\/a> condurrano una serie intensiva di laboratori della durata di tre settimane ad Invizin che esplorino cosa significhi essere \u201cqui\u201d: qui in questo momento, in questo luogo, nel mondo reale, in un posto nuovo, in uno spazio virtuale, nel ricordo o nel corpo.<\/p>\n<p>I laboratori utilizzeranno tutta una serie di approcci pratici nella raccolta di immagini, la creazione di media e il racconto di storie. Incoraggeranno i partecipanti a sperimentare una variet\u00e0 di tecniche, media, e apparecchi, dai telefoni cellulari alla storia orale. Lavoreremo individualmente e in gruppi per esplorare i simboli, le strutture e i concetti che definiscono le nostre idee di tempo e luogo.<\/p>\n<p><span id=\"result_box\" class=\"\" lang=\"it\">In collaborazione con i centri per migranti <a href=\"http:\/\/coopetabeta.it\/\" target=\"_blank\" rel=\"noopener\">Eta Beta Cooperativa<\/a> di Citt\u00e0 Sant &#8216;Angelo e Pescara, il progetto prevede la collaborazione con alcuni residenti ed il <span class=\"alt-edited\">psicologo<\/span> locale <span class=\"\">Dr. Antonio<\/span> <span class=\"\">Iannone <\/span><\/span>per assicurare una diversit\u00e0 di punti di vista e promuovere collegamenti nuovi e duraturi. Uno degli esiti del processo laboratoriale sar\u00e0 la creazione di un corto video collettivo che potenzialmente possa essere proiettato in strutture culturali, centri comunitari, in rete e in altri spazi pubblici. I partecipanti svilupperanno abilit\u00e0 creative, acquisiranno fiducia nell&#8217;esprimere le proprie idee e scopriranno nuove strategie per la partecipazione alla comunit\u00e0 e della comunit\u00e0; se il tempo lo permetter\u00e0, sar\u00e0 una presentazione pubblica a Invizin nella quale i partecipanti possano condividere i propri lavori con la famiglia e\/o gli amici.[\/vc_column_text][\/vc_column][\/vc_row]<\/p>\n\r\n\r\n\r\n<p>[vc_row css=&#8221;.vc_custom_1465384615886{background-color: #f2f2f2 !important;background-position: center !important;background-repeat: no-repeat !important;background-size: cover !important;}&#8221;][vc_column][vc_custom_heading text=&#8221;Biografie dei partecipanti&#8221; font_container=&#8221;tag:h4|text_align:center&#8221; use_theme_fonts=&#8221;yes&#8221;][\/vc_column][\/vc_row]<\/p>\r\n\r\n\r\n<p>[vc_row css=&#8221;.vc_custom_1465381970622{padding-top: 50px !important;padding-bottom: 50px !important;background-color: #f2f2f2 !important;}&#8221;][vc_column width=&#8221;1\/2&#8243;][vc_single_image image=&#8221;1230&#8243; img_size=&#8221;large&#8221; alignment=&#8221;center&#8221; onclick=&#8221;link_image&#8221;][\/vc_column][vc_column width=&#8221;1\/2&#8243;][vc_column_text]<\/p>\n<h5><a href=\"http:\/\/leannej.ca\" target=\"_blank\" rel=\"noopener\">leannej<\/a> a m<a href=\"http:\/\/mynameisscot.blogspot.com\" target=\"_blank\" rel=\"noopener\">y name is scot<\/a><\/h5>\n<p>Durante le ultime estati, Leannnej e My Name is Scot hanno viaggiato per l&#8217;Europa orientale, esplorando gli effetti della globalizzazione, dei gravi cambiamenti climatici e delle nuove piattaforme social sui significati e le credenze associate alle idee di tempo e luogo. Mentre i conflitti geopolitici, le catastrofi ambientali e il collasso dell&#8217;infrastruttura sociale continuano a sfidare le nostre aspettative e certezze globali, Leannej e My name is Scot hanno adoperato il giornalismo, l performance, il video e la fotografia, il teatro collaborativo, la creazione di libri e di <em>fanzine,<\/em> gli interventi con installazioni e la web art come mezzi per unirsi ad altri nel descrivere, affrontare e potenzialmente ridefinire le linee e gli obblighi attuali dell&#8217;essere &#8216;qui&#8217;.<\/p>\n<p>Attivit\u00e0 recenti a casa comprendono la guida di artisti al lavoro con giovani immigrati per il Baobab Youth Empowerment Digital Storytelling Project, prodotto in cooperazione con la Surrey Art Gallery e il ruolo, tuttora in attivit\u00e0, di professori ospiti per il corso <em>Humanities 101<\/em>, un programma educativo realizzato dalla University of British Columbia e mirato ai residenti poveri del quartiere di Eastside Downtown a Vancouver.[\/vc_column_text][vc_tta_accordion active_section=&#8221;100&#8243; collapsible_all=&#8221;true&#8221;][vc_tta_section title=&#8221;leannej&#8221; tab_id=&#8221;1465383472866-866863a5-8a0a&#8221;][vc_column_text]Leanne Johnson is a text-based artist, editor, publisher, and educator. She has\u00a0a BA in English Literature and an MPUB from Simon Fraser University, where she now teaches.<\/p>\n<div class=\"two-third column-block no-background \" data-animation=\"\">\n<div class=\"be-custom-column-inner\">\n<p>Her career began writing for <i>Kinesis<\/i> (Canada\u2019s national feminist magazine). She went on to co-direct\/curate the Publication program at the Western Front Society, which produced <i>FRONT Magazine<\/i>, was a director of the BC Association of Magazines, and worked as a publishing consultant to the Banff Centre Press.<\/p>\n<p>Publishing as \u201cleannej,\u201d her work has been described as \u201chovering between writing and conceptual art,\u201d and has been displayed in galleries, online, magazines, and books. Her books include, <i>Long\u00adRange \u00a0Forecast Variable <\/i>(2002), <i>Re\u00adreading the Riot Act<\/i> (2011), <i>Staying \u00a0Beauty<\/i> (2013), and<i> Monument <\/i>(2014). Her most recent texts explore the form of animated and interactive digital narratives.<\/p>\n<\/div>\n<\/div>\n<p>[\/vc_column_text][\/vc_tta_section][vc_tta_section title=&#8221;my name is scot&#8221; tab_id=&#8221;1465383472984-3921317f-1a9c&#8221;][vc_column_text]My Name Is Scot and I&#8217;m based in Vancouver, Canada. I work with video, performance, installation and text to explore issues of class, kindness, identity and agency. I&#8217;ve exhibited across Canada and my international exhibitions include installations, performances and screenings in the United States, Norway, Bulgaria, Czech Republic,Hungary, Germany,India, the U.K. and Mexico. My texts have been published in Front Magazine, the Capilano Review and danDelion.[\/vc_column_text][\/vc_tta_section][\/vc_tta_accordion][\/vc_column][\/vc_row]<\/p>\n\r\n\r\n<p>[vc_row css=&#8221;.vc_custom_1465384637829{background-color: #f2f2f2 !important;background-position: center !important;background-repeat: no-repeat !important;background-size: cover !important;}&#8221;][vc_column width=&#8221;1\/2&#8243;][vc_single_image image=&#8221;1231&#8243; img_size=&#8221;large&#8221; alignment=&#8221;center&#8221; onclick=&#8221;link_image&#8221;][\/vc_column][vc_column width=&#8221;1\/2&#8243;][vc_column_text]<\/p>\n<h5>dr. antonio iannone<\/h5>\n<p><a href=\"http:\/\/invizin.it\/wp-content\/uploads\/CURRICULUM-VITAE-Dr-Antonio-Iannone.pdf\">curriculum vitae<\/a>[\/vc_column_text][\/vc_column][\/vc_row]<\/p>\n\r\n\r\n<p>[vc_row css=&#8221;.vc_custom_1465385180625{background-color: #f2f2f2 !important;background-position: center !important;background-repeat: no-repeat !important;background-size: cover !important;}&#8221;][vc_column width=&#8221;1\/2&#8243;][vc_single_image image=&#8221;1235&#8243; img_size=&#8221;large&#8221; onclick=&#8221;link_image&#8221;][\/vc_column][vc_column width=&#8221;1\/2&#8243;][vc_column_text]<\/p>\n<h5><a href=\"http:\/\/coopetabeta.it\" target=\"_blank\" rel=\"noopener\"><strong>la cooperativa sociale Eta Beta<\/strong><\/a><\/h5>\n<p><span id=\"result_box\" class=\"\" lang=\"en\"><span class=\"\">La cooperativa sociale Eta Beta dall&#8217;ottobre del 2011 si occupa di immigrati e soggetti svantaggiati.<\/span><\/span><\/p>\n<p><a href=\"https:\/\/www.facebook.com\/Cooperativa.Sociale.Eta.Beta\" target=\"_blank\" rel=\"noopener\">Eta Beta Cooperative su facebook<\/a>[\/vc_column_text][\/vc_column][\/vc_row]<\/p>\n<\/div>","protected":false},"excerpt":{"rendered":"<p>[vc_row css=&#8221;.vc_custom_1465384615886{background-color: #f2f2f2 !important;background-position: center !important;background-repeat: no-repeat !important;background-size: cover !important;}&#8221;][vc_column][vc_custom_heading text=&#8221;Biografie dei partecipanti&#8221; font_container=&#8221;tag:h4|text_align:center&#8221; use_theme_fonts=&#8221;yes&#8221;][\/vc_column][\/vc_row]<\/p>\n","protected":false},"author":1,"featured_media":2564,"parent":0,"menu_order":0,"comment_status":"closed","ping_status":"closed","template":"","meta":{"footnotes":""},"class_list":["post-1237","page","type-page","status-publish","has-post-thumbnail","hentry"],"_links":{"self":[{"href":"https:\/\/invizin.it\/it\/wp-json\/wp\/v2\/pages\/1237","targetHints":{"allow":["GET"]}}],"collection":[{"href":"https:\/\/invizin.it\/it\/wp-json\/wp\/v2\/pages"}],"about":[{"href":"https:\/\/invizin.it\/it\/wp-json\/wp\/v2\/types\/page"}],"author":[{"embeddable":true,"href":"https:\/\/invizin.it\/it\/wp-json\/wp\/v2\/users\/1"}],"replies":[{"embeddable":true,"href":"https:\/\/invizin.it\/it\/wp-json\/wp\/v2\/comments?post=1237"}],"version-history":[{"count":4,"href":"https:\/\/invizin.it\/it\/wp-json\/wp\/v2\/pages\/1237\/revisions"}],"predecessor-version":[{"id":1823,"href":"https:\/\/invizin.it\/it\/wp-json\/wp\/v2\/pages\/1237\/revisions\/1823"}],"wp:featuredmedia":[{"embeddable":true,"href":"https:\/\/invizin.it\/it\/wp-json\/wp\/v2\/media\/2564"}],"wp:attachment":[{"href":"https:\/\/invizin.it\/it\/wp-json\/wp\/v2\/media?parent=1237"}],"curies":[{"name":"wp","href":"https:\/\/api.w.org\/{rel}","templated":true}]}}